{"id":11556,"date":"2024-09-07T03:33:35","date_gmt":"2024-09-07T00:33:35","guid":{"rendered":"https:\/\/nedir.az\/atalar-sozleri\/?page_id=11556"},"modified":"2024-09-07T03:42:26","modified_gmt":"2024-09-07T00:42:26","slug":"m%c9%99nb%c9%99-source","status":"publish","type":"page","link":"https:\/\/nedir.az\/atalar-sozleri\/m%c9%99nb%c9%99-source","title":{"rendered":"M\u0259nb\u0259 &#8211; Source"},"content":{"rendered":"<p>Rzayev X. Atalar s\u00f6z\u00fc. 2 cildd\u0259, I c, Bak\u0131:Nurlan, 2004<br \/>\nAtalar s\u00f6z\u00fc. Az\u0259rbaycan f\u043elkl\u043erunun ilkin n\u0259\u015frl\u0259ri s\u0435riyas\u0131. T\u0259rtib \u0435d\u0259ni: M\u0259mm\u0259dv\u0259li Q\u0259m\u0259rli. Bak\u0131 &#8211; \u201cS\u0259da\u201d &#8211; 2003<br \/>\nA\u011f\u0131la v\u0259 q\u0259lb\u0259 i\u015f\u0131q sa\u00e7an s\u00f6zl\u0259r. Bak\u0131, 2014<br \/>\nAtalar s\u00f6z\u00fc:\/ H. Qas\u0131mzad\u0259nin redakt\u0259si il\u0259. Bak\u0131: Yaz\u0131\u00e7\u0131, 1982<br \/>\nAtalar s\u00f6z\u00fc v\u0259 m\u0259s\u0259ll\u0259r. Toplayan\u0131 v\u0259 t\u0259rtib ed\u0259ni: Aslan \u018fs\u0259dov. Bak\u0131-2008<br \/>\nAz\u0259rbaycan folkloru antologiyas\u0131. III cild. G\u00f6y\u00e7\u0259 folkloru. Toplay\u0131b t\u0259rtib ed\u0259n v\u0259 \u00f6n s\u00f6z\u00fcn m\u00fc\u0259llifi: H\u00fcseyn \u0130smay\u0131lov. Bak\u0131,2000<br \/>\nMara\u011fayi Abbasqulu. \u018fmsali\u2013T\u00fcrkan\u0259 (Atalar s\u00f6zl\u0259ri v\u0259 xalq m\u0259s\u0259ll\u0259ri). Bak\u0131 \u2013\u201cYaz\u0131\u00e7\u0131\u201d &#8211; 1992<br \/>\nAtalar s\u00f6z\u00fc:\/ \u018fm\u0259kdar m\u0259d\u0259niyy\u0259t i\u015f\u00e7isi \u018fb\u00fclqas\u0131m H\u00fcseynzad\u0259. Bak\u0131 &#8211; \u201cYaz\u0131\u00e7\u0131\u201d \u2013 1985<br \/>\nEl \u00e7\u0259l\u0259ngi. DU\u018fK seriyas\u0131ndan. III cild, Toplay\u0131b t\u0259rtib ed\u0259nl\u0259ri: F.e.n. T\u0259hmasib F\u0259rz\u0259liyev, f.e.n. \u0130srafil Abbasov.Bak-1993<br \/>\nAz\u0259rbaycan folkloru antologiyas\u0131. VII cild. Qaraqoyunlu folkloru. T\u0259rtib ed\u0259nl\u0259r: f.e.n. H\u00fcseyn \u0130smay\u0131lov, Qurban S\u00fcleymanov. Bak\u0131\u20132002<br \/>\nZeynall\u0131 H\u0259n\u0259fi. Az\u0259rbaycan atalar s\u00f6z\u00fc. Bak\u0131-1926<br \/>\nAtalar s\u00f6z\u00fc:\/ B. Tahirb\u0259yovun redakt\u0259si il\u0259. Bak\u0131:Yaz\u0131\u00e7\u0131, 1985<br \/>\nQ\u018fXTMT-\u0131n (\u0421\u041c\u041e\u041c\u041f\u041a) XXIV cildind\u0259n se\u00e7m\u0259l\u0259r. \u015eirvan tatarlar\u0131n\u0131n atalar s\u00f6zl\u0259ri v\u0259 m\u0259s\u0259ll\u0259r. Tiflis-1898<br \/>\nAtalar s\u00f6z\u00fc:\/ \u018f. Ziyatay\u0131n redakt\u0259si il\u0259. Bak\u0131: Az\u0259rn\u0259\u015fr, 1956<br \/>\nA\u011f\u0131la v\u0259 q\u0259lb\u0259 i\u015f\u0131q sa\u00e7an s\u00f6zl\u0259r. Bak\u0131, 2014<br \/>\nAtalar s\u00f6z\u00fc:\/ \u0130. Abbasl\u0131n\u0131n redakt\u0259si il\u0259. Bak\u0131: \u00d6nd\u0259r. 2004<br \/>\nAtalar s\u00f6z\u00fc. Bak\u0131, 1985<br \/>\nAtalar s\u00f6z\u00fc. (\u0130kinci n\u0259\u015fri). Toplayan\u0131, t\u0259rtib ed\u0259ni v\u0259 n\u0259\u015fr\u0259 haz\u0131rlayan\u0131 \u018fb\u00fclqas\u0131m H\u00fcseynzad\u0259. Bak\u0131: Yaz\u0131\u00e7\u0131, 1982<br \/>\nAtalar s\u00f6z\u00fc v\u0259 m\u0259s\u0259ll\u0259r:\/B. Tahirb\u0259yovun redakt\u0259si il\u0259. Bak\u0131: Az\u0259rn\u0259\u015fr, 1971<br \/>\nEl s\u00f6z\u00fc, xalq l\u0259tif\u0259l\u0259ri, atalar s\u00f6z\u00fc, bayat\u0131lar, Bak\u0131: Az\u0259rn\u0259\u015fr, 1965<br \/>\nRzayev X.Atalar s\u00f6z\u00fc. Bak\u0131: T\u0259bib, 1992<br \/>\nAtalar s\u00f6z\u00fc: Bak\u0131: Az\u0259rn\u0259\u015fr, 1993<br \/>\nAz\u0259rbaycan folkloru antologiyas\u0131. VII cild. Qaraqoyunlu folkloru. T\u0259rtib ed\u0259nl\u0259r: f.e.n. H\u00fcseyn \u0130smay\u0131lov, Qurban S\u00fcleymanov. Elmi redaktoru prof. Qara Namazov. Bak\u0131\u2013\u201cS\u0259da\u201d\u20132002<br \/>\nAtalar s\u00f6z\u00fc:\/ B. Tahirb\u0259yovun redakt\u0259si il\u0259. Bak\u0131:Yaz\u0131\u00e7\u0131, 1985<\/p>\n<p>Az\u0259rbaycan dilinin izahl\u0131 l\u00fc\u011f\u0259ti [M\u0259tn]: IV-cildd\u0259. ABC\u00c7D I cild \/red. \u018f. Orucov; t\u0259rtib\u00e7il\u0259r: \u018f. Orucov, B. Abdullayev, N. R\u0259himzad\u0259; n\u0259\u015fr\u0259 haz., t\u0259kmill\u0259\u015fdir\u0259n, \u00f6n s\u00f6z\u00fcn m\u00fc\u0259llifi v\u0259 red. A. Axundov; AMEA, N\u0259simi ad\u0131na Dil\u00e7ilik \u0130nstitutu.- B.: \u015e\u0259rq-Q\u0259rb, 2006.- 744 s.<\/p>\n<p>Az\u0259rbaycan dilinin izahl\u0131 l\u00fc\u011f\u0259ti [M\u0259tn]: IV-cildd\u0259 E\u018fFGHX\u0130JK II cild \/red. \u018f. Orucov; t\u0259rtib\u00e7il\u0259r. \u018f. Orucov, B. Abdullayev, N. R\u0259himzad\u0259; n\u0259\u015fr\u0259 haz., t\u0259kmill\u0259\u015fdir\u0259n, \u00f6n s\u00f6z\u00fcn m\u00fc\u0259llifi v\u0259 red. A. Axundov; AMEA, N\u0259simi ad\u0131na Dil\u00e7ilik \u0130nstitutu B.: \u015e\u0259rq-Q\u0259rb, 2006. 792 s<\/p>\n<p>Az\u0259rbaycan dilinin izahl\u0131 l\u00fc\u011f\u0259ti [M\u0259tn]: IV-cildd\u0259 QLMNO\u00d6PR III cild \/red. \u018f. Orucov; t\u0259rtib\u00e7il\u0259r. \u018f. Orucov, B. Abdullayev, N. R\u0259himzad\u0259; n\u0259\u015fr\u0259 haz., t\u0259kmill\u0259\u015fdir\u0259n, \u00f6n s\u00f6z\u00fcn m\u00fc\u0259llifi v\u0259 red. A. Axundov; AMEA, N\u0259simi ad\u0131na Dil\u00e7ilik \u0130nstitutu.- B.: \u015e\u0259rq-Q\u0259rb, 2006. 672 s.<\/p>\n<p>Az\u0259rbaycan dilinin izahl\u0131 l\u00fc\u011f\u0259ti [M\u0259tn]: IV-cildd\u0259 S\u015eTU\u00dcVYZ [M\u0259tn] IV cild \/Red. \u018f.Orucov; T\u0259rtib\u00e7il\u0259r. \u018f.Orucov, B.Abdullayev, N.R\u0259himzad\u0259; N\u0259\u015fr\u0259 haz., t\u0259kmill\u0259\u015fdir\u0259n, \u00f6n s\u00f6z\u00fcn m\u00fc\u0259llifi v\u0259 red. A.Axundov; Az\u0259rbaycan Milli Elml\u0259r Akademiyas\u0131 N\u0259simi ad\u0131na Dil\u00e7ilik \u0130nstitutu<\/p>\n<p>Azleks.az &#8211; &#8220;Azleks&#8221; l\u00fc\u011f\u0259tl\u0259ri &#8211; Altun Kitab<\/p>\n<p>Ayd\u0131n Pa\u015fayev, Alim\u0259 B\u0259\u015firova. Az\u0259rbaycan \u015f\u0259xs adlar\u0131n\u0131n izahl\u0131 l\u00fc\u011f\u0259ti. Bak\u0131: M\u00fct\u0259rcim, 2011<\/p>\n<p>Az\u0259rbaycan Sovet Ensiklopediyas\u0131 (10 cildd\u0259). Bak\u0131, Az\u0259rbaycan SSR D\u00f6vl\u0259t n\u0259\u015friyyat\u0131. 1976-1987<\/p>\n<p>Bready, Richard. Encarta World English Dictionary. [Software] s.l. : Microsoft, 1998. T\u00fcrk\u00e7e S\u00f6zl\u00fck.<\/p>\n<p>Axundov, A\u011famusa. Az\u0259rbaycan Dilinin Orfoqrafiya L\u00fc\u011f\u0259ti. Bak\u0131 : Lider N\u0259\u015friyyat, 2004. p. 728. ISBN 9952-417-00-2.<\/p>\n<p>Soukhanov, Anne H. The American Heritage Dictionary of the English Language. 3rd Edition. s.l. : Houghton Mifflin Harcourt, 1992. p. 2140.<\/p>\n<p><\/span><\/p>\n","protected":false},"excerpt":{"rendered":"<p>Rzayev X. Atalar s\u00f6z\u00fc. 2 cildd\u0259, I c, Bak\u0131:Nurlan, 2004 Atalar s\u00f6z\u00fc. Az\u0259rbaycan f\u043elkl\u043erunun ilkin n\u0259\u015frl\u0259ri s\u0435riyas\u0131. T\u0259rtib \u0435d\u0259ni: M\u0259mm\u0259dv\u0259li Q\u0259m\u0259rli. Bak\u0131 &#8211; \u201cS\u0259da\u201d &#8211; 2003 A\u011f\u0131la v\u0259 q\u0259lb\u0259 i\u015f\u0131q sa\u00e7an s\u00f6zl\u0259r. Bak\u0131, 2014 Atalar s\u00f6z\u00fc:\/ H. Qas\u0131mzad\u0259nin redakt\u0259si il\u0259. Bak\u0131: Yaz\u0131\u00e7\u0131, 1982 Atalar s\u00f6z\u00fc v\u0259 m\u0259s\u0259ll\u0259r. Toplayan\u0131 v\u0259 t\u0259rtib ed\u0259ni: Aslan \u018fs\u0259dov. Bak\u0131-2008 Az\u0259rbaycan &#8230; <a title=\"M\u0259nb\u0259 &#8211; Source\" class=\"read-more\" href=\"https:\/\/nedir.az\/atalar-sozleri\/m%c9%99nb%c9%99-source\" aria-label=\"Read more about M\u0259nb\u0259 &#8211; Source\">Read more<\/a><\/p>\n","protected":false},"author":1,"featured_media":0,"parent":0,"menu_order":0,"comment_status":"closed","ping_status":"closed","template":"","meta":{"footnotes":""},"class_list":["post-11556","page","type-page","status-publish"],"aioseo_notices":[],"_links":{"self":[{"href":"https:\/\/nedir.az\/atalar-sozleri\/wp-json\/wp\/v2\/pages\/11556","targetHints":{"allow":["GET"]}}],"collection":[{"href":"https:\/\/nedir.az\/atalar-sozleri\/wp-json\/wp\/v2\/pages"}],"about":[{"href":"https:\/\/nedir.az\/atalar-sozleri\/wp-json\/wp\/v2\/types\/page"}],"author":[{"embeddable":true,"href":"https:\/\/nedir.az\/atalar-sozleri\/wp-json\/wp\/v2\/users\/1"}],"replies":[{"embeddable":true,"href":"https:\/\/nedir.az\/atalar-sozleri\/wp-json\/wp\/v2\/comments?post=11556"}],"version-history":[{"count":3,"href":"https:\/\/nedir.az\/atalar-sozleri\/wp-json\/wp\/v2\/pages\/11556\/revisions"}],"predecessor-version":[{"id":11561,"href":"https:\/\/nedir.az\/atalar-sozleri\/wp-json\/wp\/v2\/pages\/11556\/revisions\/11561"}],"wp:attachment":[{"href":"https:\/\/nedir.az\/atalar-sozleri\/wp-json\/wp\/v2\/media?parent=11556"}],"curies":[{"name":"wp","href":"https:\/\/api.w.org\/{rel}","templated":true}]}}