{"id":10615,"date":"2024-08-21T01:37:26","date_gmt":"2024-08-20T22:37:26","guid":{"rendered":"https:\/\/nedir.az\/adinin-menasi-nedir\/?page_id=10615"},"modified":"2024-08-21T01:37:26","modified_gmt":"2024-08-20T22:37:26","slug":"elaq%c9%99-contact","status":"publish","type":"page","link":"https:\/\/nedir.az\/adinin-menasi-nedir\/elaq%c9%99-contact\/","title":{"rendered":"\u018flaq\u0259 &#8211; Contact"},"content":{"rendered":"<p>\u018flaq\u0259 \u00fc\u00e7\u00fcn a\u015fa\u011f\u0131dak\u0131 e-mail \u00fcnvan\u0131na yaza bil\u0259rsiniz. Z\u0259hm\u0259t olmasa m\u00f6vzu, sayt, link vs haqq\u0131nda \u0259trafl\u0131 yaz\u0131n.<\/p>\n<p><img decoding=\"async\" src=\"https:\/\/i.ibb.co\/LCGNcyr\/infowebsiteglobal.png\" alt=\"Contact\" \/><\/p>\n<section id=\"content\" role=\"main\">\n<article id=\"post-75592\" class=\"post-75592 page type-page status-publish hentry\">\n<div class=\"entry-content\">\n<p>H\u00f6rm\u0259tl\u0259.<\/p>\n<\/div>\n<\/article>\n<\/section>\n","protected":false},"excerpt":{"rendered":"<p>\u018flaq\u0259 \u00fc\u00e7\u00fcn a\u015fa\u011f\u0131dak\u0131 e-mail \u00fcnvan\u0131na yaza bil\u0259rsiniz. Z\u0259hm\u0259t olmasa m\u00f6vzu, sayt, link vs haqq\u0131nda \u0259trafl\u0131 yaz\u0131n. H\u00f6rm\u0259tl\u0259.<\/p>\n","protected":false},"author":1,"featured_media":0,"parent":0,"menu_order":0,"comment_status":"closed","ping_status":"closed","template":"","meta":{"footnotes":""},"class_list":["post-10615","page","type-page","status-publish"],"aioseo_notices":[],"_links":{"self":[{"href":"https:\/\/nedir.az\/adinin-menasi-nedir\/wp-json\/wp\/v2\/pages\/10615","targetHints":{"allow":["GET"]}}],"collection":[{"href":"https:\/\/nedir.az\/adinin-menasi-nedir\/wp-json\/wp\/v2\/pages"}],"about":[{"href":"https:\/\/nedir.az\/adinin-menasi-nedir\/wp-json\/wp\/v2\/types\/page"}],"author":[{"embeddable":true,"href":"https:\/\/nedir.az\/adinin-menasi-nedir\/wp-json\/wp\/v2\/users\/1"}],"replies":[{"embeddable":true,"href":"https:\/\/nedir.az\/adinin-menasi-nedir\/wp-json\/wp\/v2\/comments?post=10615"}],"version-history":[{"count":1,"href":"https:\/\/nedir.az\/adinin-menasi-nedir\/wp-json\/wp\/v2\/pages\/10615\/revisions"}],"predecessor-version":[{"id":10616,"href":"https:\/\/nedir.az\/adinin-menasi-nedir\/wp-json\/wp\/v2\/pages\/10615\/revisions\/10616"}],"wp:attachment":[{"href":"https:\/\/nedir.az\/adinin-menasi-nedir\/wp-json\/wp\/v2\/media?parent=10615"}],"curies":[{"name":"wp","href":"https:\/\/api.w.org\/{rel}","templated":true}]}}